{"id":79,"date":"2024-10-26T18:32:54","date_gmt":"2024-10-26T16:32:54","guid":{"rendered":"https:\/\/promitec.es\/news\/?post_type=product&#038;p=79"},"modified":"2024-10-30T12:21:38","modified_gmt":"2024-10-30T11:21:38","slug":"the-head","status":"publish","type":"product","link":"http:\/\/promitec.es\/news\/product\/the-head\/","title":{"rendered":"The Head"},"content":{"rendered":"<table>\n<tbody>\n<tr>\n<td>Sitio web<\/td>\n<td>TheHead.es<\/td>\n<\/tr>\n<tr>\n<td>Acci\u00f3n<\/td>\n<td>\u2714 Contiene aceite de arg\u00e1n de alta calidad.<br \/>\n\u2714 Contiene aceite de coco hidratante.<br \/>\n\u2714 100% natural y eficaz.<\/td>\n<\/tr>\n<tr>\n<td>Componentes<\/td>\n<td>\u2714 Aceite de arg\u00e1n;<br \/>\n\u2714 Pantenol;<br \/>\n\u2714 Aceite de coco;<br \/>\n\u2714 \u00c1cido hialur\u00f3nico.<\/td>\n<\/tr>\n<tr>\n<td>Instrucciones de uso<\/td>\n<td>\u2714 L\u00e1vate el cabello como de costumbre;<br \/>\n\u2714 Aplicar la loci\u00f3n directamente sobre el cabello h\u00famedo, especialmente en largos y puntas, y dejar actuar 5 minutos;<br \/>\n\u2714 Enjuague bien.<\/td>\n<\/tr>\n<tr>\n<td>Volumen<\/td>\n<td>125 ml<\/td>\n<\/tr>\n<tr>\n<td>Precio<\/td>\n<td>\ud83d\uded1 790 MXN<\/td>\n<\/tr>\n<tr>\n<td>Entrega<\/td>\n<td>5 d\u00edas<\/td>\n<\/tr>\n<\/tbody>\n<\/table>\n<h2><b>The Head: \u00bfLa loci\u00f3n para el cabello que todos est\u00e1bamos esperando?<\/b><\/h2>\n<p><img loading=\"lazy\" decoding=\"async\" class=\"aligncenter size-full wp-image-21\" src=\"http:\/\/promitec.es\/news\/wp-content\/uploads\/2023\/12\/The-Head-8.jpg\" alt=\"The Head para que sirve\" width=\"500\" height=\"362\" srcset=\"https:\/\/promitec.es\/news\/wp-content\/uploads\/2023\/12\/The-Head-8.jpg 500w, https:\/\/promitec.es\/news\/wp-content\/uploads\/2023\/12\/The-Head-8-300x217.jpg 300w\" sizes=\"(max-width: 500px) 100vw, 500px\" \/><\/p>\n<p>Para que sirve The Head, ahora la loci\u00f3n capilar m\u00e1s famosa en todos los foros de belleza del mundo, finalmente est\u00e1 disponible en el sitio web oficial del fabricante. Esta loci\u00f3n se ha convertido para muchas mujeres, incluso famosas, en un producto para el cuidado del cabello que ha suplantado a todos los dem\u00e1s. Con una selecci\u00f3n excepcional de ingredientes de alta calidad con numerosos efectos beneficiosos, estamos seguros de que se volver\u00e1 extremadamente popular en todo el mundo.<\/p>\n<p>Ingredientes naturales, efecto inmediato y una relaci\u00f3n calidad-precio excepcional son la base del \u00e9xito de la loci\u00f3n capilar The Head, que, sin embargo, tiene muchas otras caracter\u00edsticas, descubramos cu\u00e1les.<\/p>\n<h2><b>Los beneficios excepcionales del aceite de arg\u00e1n para el cabello<\/b><\/h2>\n<p>El aceite de arg\u00e1n, a menudo denominado \u00aboro l\u00edquido\u00bb, es un extracto conocido en la industria de la belleza desde hace siglos.<\/p>\n<p>Si bien es bien conocido como un salvador para el cabello seco y da\u00f1ado, los beneficios del aceite de arg\u00e1n se extienden mucho m\u00e1s all\u00e1 de la transformaci\u00f3n del cabello, lo que lo convierte en uno de los productos naturales favoritos de las celebridades.<\/p>\n<p>En las siguientes l\u00edneas, intentamos cubrir los diferentes usos y beneficios del aceite de arg\u00e1n para mostrarte por qu\u00e9 es el arma secreta que tu cabello (y el cuidado de tu piel) estaban esperando.<\/p>\n<h3>\u00bfQu\u00e9 es el aceite de arg\u00e1n?<\/h3>\n<p>El aceite de arg\u00e1n es originario de Marruecos y ha sido utilizado por los bereberes locales durante siglos. Este es un aceite esencial que se extrae del fruto del \u00e1rbol de arg\u00e1n, conocido oficialmente como Argania Spinosa.<\/p>\n<p>Es un ingrediente com\u00fan en muchos productos para la piel y el cabello, pero tambi\u00e9n se puede comprar y utilizar en su forma pura.<\/p>\n<h3>\u00bfCu\u00e1les son los beneficios del aceite de arg\u00e1n?<\/h3>\n<p>Los beneficios del aceite de arg\u00e1n son numerosos y eficaces debido a su composici\u00f3n rica en nutrientes. Rico en vitaminas, especialmente vitamina E ultrahidratante, el aceite de arg\u00e1n es rico en minerales, antioxidantes y \u00e1cidos grasos esenciales.<\/p>\n<p>En t\u00e9rminos de beneficios para el cabello, los \u00e1cidos grasos esenciales que contiene pueden fortalecer el cabello d\u00e9bil y da\u00f1ado, mientras que la vitamina E proporciona un potente efecto hidratante, lo que hace que el aceite de arg\u00e1n sea lo mejor que la naturaleza tiene para ofrecer para restaurar la elasticidad y el brillo. Tambi\u00e9n se ha descubierto que el aceite de arg\u00e1n ayuda a prevenir da\u00f1os a los tintes para el cabello e incluso a prolongar el color del cabello.<\/p>\n<p>Asimismo, cuando se aplican sobre la piel o el cuero cabelludo, los \u00e1cidos grasos (especialmente los \u00e1cidos linoleico y oleico) tienen importantes efectos antiinflamatorios y antibacterianos, calmantes y protectores a la vez que reponen la humedad.<\/p>\n<h3>\u00bfC\u00f3mo se utiliza el aceite de arg\u00e1n para el cabello?<\/h3>\n<p>En su forma pura, este aceite se puede utilizar como acondicionador, tratamiento previo al champ\u00fa o para el cuero cabelludo, mascarilla capilar o \u201csuero\u201d posterior al peinado para alisar el cabello. M\u00e1s all\u00e1 de su forma tradicional, los productos capilares con aceite de arg\u00e1n incluyen una amplia gama de productos, desde champ\u00fas hasta protectores t\u00e9rmicos, aunque muchos coinciden en que el m\u00e1ximo efecto de este aceite se consigue utilizando una mascarilla que se deja en el cuero cabelludo durante al menos 5 minutos. .<\/p>\n<h2><b>\u00bfPor qu\u00e9 se est\u00e1 volviendo popular la droga The Head?<\/b><\/h2>\n<p><img loading=\"lazy\" decoding=\"async\" class=\"aligncenter size-full wp-image-20\" src=\"http:\/\/promitec.es\/news\/wp-content\/uploads\/2023\/12\/The-Head-7.jpg\" alt=\"The Head resultados reales\" width=\"335\" height=\"433\" srcset=\"https:\/\/promitec.es\/news\/wp-content\/uploads\/2023\/12\/The-Head-7.jpg 335w, https:\/\/promitec.es\/news\/wp-content\/uploads\/2023\/12\/The-Head-7-232x300.jpg 232w\" sizes=\"(max-width: 335px) 100vw, 335px\" \/><\/p>\n<p>F\u00f3rmula The Head se cre\u00f3 seleccionando solo ingredientes cuya eficacia est\u00e1 cient\u00edficamente probada. El fabricante insiste en que prob\u00f3 cient\u00edficamente cientos de f\u00f3rmulas antes de llegar al resultado final y definitivo. El cuidado del cabello nunca ha sido f\u00e1cil. Especialmente cuando se da\u00f1an por factores como la exposici\u00f3n solar, la salinidad, los tintes, el peinado o lavados demasiado agresivos.<\/p>\n<p>The Head para el cabello ha cambiado la vida de muchas mujeres de todo el mundo pertenecientes a todas las categor\u00edas de edad.<\/p>\n<h2><b>\u00bfVale la pena comprarlo The Head? Ventajas sobre los an\u00e1logos.<\/b><\/h2>\n<ol>\n<li aria-level=\"1\">Contiene aceite de arg\u00e1n de alta calidad.<\/li>\n<li aria-level=\"1\">Contiene aceite de coco hidratante.<\/li>\n<li aria-level=\"1\">100% natural y eficaz<\/li>\n<li aria-level=\"1\">Aplicar en menos de 5 minutos.<\/li>\n<li aria-level=\"1\">Probado cient\u00edficamente en los laboratorios privados del fabricante.<\/li>\n<\/ol>\n<h2><b>\u00bfQu\u00e9 funciones realiza el producto The Head seg\u00fan los clientes es bueno o malo?<\/b><\/h2>\n<p>Encontramos una gran cantidad de rese\u00f1as sobre lociones para el cabello The Head. Tambi\u00e9n encontramos una larga discusi\u00f3n en el foro. Aunque este foro fue a menudo muy cr\u00edtico, en realidad hubo bastantes cr\u00edticas positivas sobre el producto para la salud del cabello. Muchas mujeres compartieron que despu\u00e9s del embarazo, fue con la ayuda de The Head para el cabello resultados reales que lograron hacer frente a la ca\u00edda del cabello y fortalecerlo.<\/p>\n<p>Aqu\u00ed hay una lista de las funciones m\u00e1s populares, seg\u00fan The Head opiniones y rese\u00f1as publicadas en foros en l\u00ednea de productos de belleza y cabello.<\/p>\n<ol>\n<li aria-level=\"1\"><b>Aplicar en 5 minutos:<\/b> Simplemente aplicar sobre el cabello, dejar actuar unos minutos y luego enjuagar.<\/li>\n<li aria-level=\"1\"><b>S\u00f3lo ingredientes naturales:<\/b> aceite de arg\u00e1n, aceite de coco, pantenol y \u00e1cido hialur\u00f3nico para un efecto eficaz pero suave sobre el cabello y el cuero cabelludo.<\/li>\n<li aria-level=\"1\"><b>S\u00f3lo ingredientes premium:<\/b> este producto contiene s\u00f3lo ingredientes de grado A. Para darle al cabello de cada mujer s\u00f3lo lo mejor;<\/li>\n<li aria-level=\"1\"><b>Con aceite de coco y arg\u00e1n:<\/b> los mejores productos de nutrici\u00f3n natural, formaci\u00f3n y tratamiento del cabello da\u00f1ado y quebrado.<\/li>\n<\/ol>\n<h2><b>Ingredientes principales de la loci\u00f3n The Head<\/b><\/h2>\n<p><img loading=\"lazy\" decoding=\"async\" class=\"aligncenter size-full wp-image-19\" src=\"http:\/\/promitec.es\/news\/wp-content\/uploads\/2023\/12\/The-Head-6.jpg\" alt=\"The Head es bueno o malo\" width=\"500\" height=\"344\" srcset=\"https:\/\/promitec.es\/news\/wp-content\/uploads\/2023\/12\/The-Head-6.jpg 500w, https:\/\/promitec.es\/news\/wp-content\/uploads\/2023\/12\/The-Head-6-300x206.jpg 300w\" sizes=\"(max-width: 500px) 100vw, 500px\" \/><\/p>\n<p>El equipo de expertos que desarroll\u00f3 The Head logr\u00f3 crear la primera loci\u00f3n capilar 100% natural y que realmente funciona gracias a sus ingredientes excepcionales.<\/p>\n<ol>\n<li aria-level=\"1\"><b>Aceite de arg\u00e1n:<\/b> un excelente nutriente utilizado en la mayor\u00eda de los productos de belleza especializados. En The Head se utiliza en su forma pura y premium para garantizar los mejores resultados;<\/li>\n<li aria-level=\"1\"><b>Pantenol:<\/b> tiene propiedades regeneradoras de las c\u00e9lulas ciliadas. Tambi\u00e9n conocida como provitamina B5, es considerada uno de los mejores principios activos para el cuidado del cabello;<\/li>\n<li aria-level=\"1\"><b>Aceite de coco: <\/b>Tambi\u00e9n tiene un alto contenido de alcohol. Lo mejor que la naturaleza tiene para ofrecer como efecto regenerador del cabello;<\/li>\n<li aria-level=\"1\"><b>\u00c1cido hialur\u00f3nico:<\/b> favorece la hidrataci\u00f3n porque es hidr\u00f3filo.<\/li>\n<\/ol>\n<p>Como puedes ver, la composici\u00f3n de la loci\u00f3n capilar es completamente natural y todos los ingredientes son conocidos por su capacidad para estimular el cabello. Sin embargo, la eficacia de The Head para el cabello funciona tambi\u00e9n se debe a la concentraci\u00f3n de principios activos.<\/p>\n<h2><b>Esquema para la correcta aplicaci\u00f3n de loci\u00f3n The Head en el cuero cabelludo como se aplica<\/b><\/h2>\n<p>The Head para el cabello como se usa el viene con instrucciones de uso detalladas y un folleto. L\u00e9elos atentamente para saber c\u00f3mo utilizar la loci\u00f3n. Tambi\u00e9n sabr\u00e1 qu\u00e9 esperar de los resultados.<\/p>\n<p>The Head se aplica en 3 sencillos pasos:<\/p>\n<ol>\n<li aria-level=\"1\">L\u00e1vate el cabello como de costumbre;<\/li>\n<li aria-level=\"1\">Aplicar la loci\u00f3n directamente sobre el cabello h\u00famedo, especialmente en largos y puntas, y dejar actuar 5 minutos;<\/li>\n<li aria-level=\"1\">Enjuague bien.<\/li>\n<\/ol>\n<p>Este sencillo procedimiento le permitir\u00e1 descubrir los beneficios inmediatos de The Head. Conseguir\u00e1s un cabello m\u00e1s fuerte, suave, nutrido, brillante y manejable.<\/p>\n<h2><b>Contraindicaciones y efectos secundarios<\/b><\/h2>\n<p><img loading=\"lazy\" decoding=\"async\" class=\"aligncenter size-full wp-image-23\" src=\"http:\/\/promitec.es\/news\/wp-content\/uploads\/2023\/12\/The-Head-10.jpg\" alt=\"The Head como se usa el\" width=\"500\" height=\"368\" srcset=\"https:\/\/promitec.es\/news\/wp-content\/uploads\/2023\/12\/The-Head-10.jpg 500w, https:\/\/promitec.es\/news\/wp-content\/uploads\/2023\/12\/The-Head-10-300x221.jpg 300w\" sizes=\"(max-width: 500px) 100vw, 500px\" \/><\/p>\n<p>The Head confiable para cabello tiene una f\u00f3rmula completamente natural. Ha sido sometido a numerosos ensayos cl\u00ednicos. The Head sin contraindicaciones ni efectos secundarios. Apto para todo tipo de cabello y para personas mayores de 14 a\u00f1os. No hay quejas ni problemas en las opiniones de los clientes.<\/p>\n<h2><b>\u00bfQu\u00e9 opiniones los compradores en sus rese\u00f1as sobre The Head?<\/b><\/h2>\n<p>&nbsp;<\/p>\n<blockquote><p><b>Merc\u00e8<\/b><\/p>\n<p>Debido a los desequilibrios hormonales con la edad, el cabello de mi cabeza comenz\u00f3 a adelgazarse. Ella simplemente brill\u00f3. Tambi\u00e9n aparecieron zonas calvas. El tric\u00f3logo me recomend\u00f3 tomar vitaminas y aplicarme una loci\u00f3n especial The Head farmacia del ahorro una vez al d\u00eda. \u00a1Este producto me salv\u00f3 de la calvicie! Devolvi\u00f3 un cabello hermoso y confianza en s\u00ed misma en solo un par de semanas.<\/p><\/blockquote>\n<p>&nbsp;<\/p>\n<blockquote><p><b>Bruna<\/b><\/p>\n<p>Ya no me corto el pelo todos los meses ni voy a la peluquer\u00eda. Dejaron de descamarse y descolorarse. Vuelven a lucir geniales y no se caen tanto como antes. Al mismo tiempo, solo uso un medicamento econ\u00f3mico The Head donde lo puedo conseguir a base de p\u00e9ptidos naturales. Ya no voy a un sal\u00f3n caro. Ahorro mucho dinero y cuido mi cabello en casa. Es muy conveniente y econ\u00f3mico.<\/p><\/blockquote>\n<p>&nbsp;<\/p>\n<blockquote><p><b>Martina<\/b><\/p>\n<p>Excelente loci\u00f3n econ\u00f3mica para mi cabello graso &#8211; donde comprar The Head. Reduce la producci\u00f3n de sebo. Aclara las hebras, haci\u00e9ndolas ligeras y sedosas, como una pelusa, y no pesadas ni colgantes como los mocos. Estoy muy contento de haber encontrado un producto as\u00ed y lo pedir\u00e9 una y otra vez. Adem\u00e1s, existen excelentes promociones para compras al por mayor.<\/p><\/blockquote>\n<h2><b>\u00bfC\u00f3mo encontrar loci\u00f3n The Head en una farmacia y donde lo venden?<\/b><\/h2>\n<p><img loading=\"lazy\" decoding=\"async\" class=\"aligncenter size-full wp-image-22\" src=\"http:\/\/promitec.es\/news\/wp-content\/uploads\/2023\/12\/The-Head-9.jpg\" alt=\"The Head como se aplica\" width=\"500\" height=\"335\" srcset=\"https:\/\/promitec.es\/news\/wp-content\/uploads\/2023\/12\/The-Head-9.jpg 500w, https:\/\/promitec.es\/news\/wp-content\/uploads\/2023\/12\/The-Head-9-300x201.jpg 300w\" sizes=\"(max-width: 500px) 100vw, 500px\" \/><\/p>\n<p>The Head no se vende en nuestras tiendas, farmacias ni siquiera en plataformas de venta online. La \u00fanica web que ofrece este producto en su dise\u00f1o original y al mejor precio farmacia similares del mercado es la web oficial del fabricante. Aqu\u00ed, rellenando un sencillo formulario online, podr\u00e1s pedir el producto al mejor precio farmacia del ahorro con env\u00edo gratuito y garant\u00eda de originalidad.<\/p>\n<p>En la web del fabricante The Head el precio siempre est\u00e1 reducido y el env\u00edo es gratuito. La entrega se realiza seg\u00fan los par\u00e1metros previstos por la legislaci\u00f3n vigente, pudiendo pagar la mercanc\u00eda directamente al proveedor.<\/p>\n<h2><b>The Head en una farmacia &#8211; fraude<\/b><\/h2>\n<p>Cuidado con las falsificaciones Walmart The Head que aparecen en las farmacias. Estas copias son exactamente iguales al original, pero no tienen certificado de calidad.<\/p>\n<h2><b>El agua fr\u00eda es el mejor enjuague para el cabello<\/b><\/h2>\n<p>Para mantener tu cabello m\u00e1s sano y limpio por m\u00e1s tiempo, se recomienda un enjuague final con agua fr\u00eda. Esto reducir\u00e1 la producci\u00f3n de sebo y el contraste con el agua caliente activar\u00e1 la circulaci\u00f3n sangu\u00ednea en los fol\u00edculos, estimular\u00e1 un crecimiento m\u00e1s sano y har\u00e1 que el cabello brille m\u00e1s.<\/p>\n<p>The Head es una de las mascarillas con aceite de arg\u00e1n natural m\u00e1s populares del momento. La facilidad de uso, la ausencia total de contraindicaciones, los efectos secundarios y la eficacia probada lo han convertido en uno de los productos cosm\u00e9ticos m\u00e1s deseados por las mujeres de todo el mundo.<\/p>\n","protected":false},"excerpt":{"rendered":"<p>The Head es una loci\u00f3n capilar revolucionaria con ingredientes 100% naturales, como el aceite de arg\u00e1n y coco, que promete resultados visibles y duraderos en pocos minutos. Ideal para restaurar y revitalizar el cabello, su eficacia ha sido probada cient\u00edficamente, convirti\u00e9ndose en la favorita de mujeres de todo el mundo.<\/p>\n","protected":false},"featured_media":18,"comment_status":"open","ping_status":"closed","template":"","meta":[],"product_cat":[18],"product_tag":[],"class_list":{"0":"post-79","1":"product","2":"type-product","3":"status-publish","4":"has-post-thumbnail","6":"product_cat-uncategorized","8":"first","9":"instock","10":"sale","11":"shipping-taxable","12":"purchasable","13":"product-type-simple"},"yoast_head":"<!-- This site is optimized with the Yoast SEO plugin v21.6 - https:\/\/yoast.com\/wordpress\/plugins\/seo\/ -->\n<title>The Head loci\u00f3n comprar para el crecimiento del cabello en Promitec Tienda<\/title>\n<meta name=\"robots\" content=\"index, follow, max-snippet:-1, max-image-preview:large, max-video-preview:-1\" \/>\n<link rel=\"canonical\" href=\"http:\/\/promitec.es\/news\/product\/the-head\/\" \/>\n<meta property=\"og:locale\" content=\"es_ES\" \/>\n<meta property=\"og:type\" content=\"article\" \/>\n<meta property=\"og:title\" content=\"The Head loci\u00f3n comprar para el crecimiento del cabello en Promitec Tienda\" \/>\n<meta property=\"og:description\" content=\"The Head es una loci\u00f3n capilar revolucionaria con ingredientes 100% naturales, como el aceite de arg\u00e1n y coco, que promete resultados visibles y duraderos en pocos minutos. Ideal para restaurar y revitalizar el cabello, su eficacia ha sido probada cient\u00edficamente, convirti\u00e9ndose en la favorita de mujeres de todo el mundo.\" \/>\n<meta property=\"og:url\" content=\"http:\/\/promitec.es\/news\/product\/the-head\/\" \/>\n<meta property=\"og:site_name\" content=\"promitec\" \/>\n<meta property=\"article:modified_time\" content=\"2024-10-30T11:21:38+00:00\" \/>\n<meta property=\"og:image\" content=\"http:\/\/promitec.es\/news\/wp-content\/uploads\/2023\/12\/The-Head.jpg\" \/>\n\t<meta property=\"og:image:width\" content=\"234\" \/>\n\t<meta property=\"og:image:height\" content=\"345\" \/>\n\t<meta property=\"og:image:type\" content=\"image\/jpeg\" \/>\n<meta name=\"twitter:card\" content=\"summary_large_image\" \/>\n<meta name=\"twitter:label1\" content=\"Tiempo de lectura\" \/>\n\t<meta name=\"twitter:data1\" content=\"9 minutos\" \/>\n<script type=\"application\/ld+json\" class=\"yoast-schema-graph\">{\"@context\":\"https:\/\/schema.org\",\"@graph\":[{\"@type\":\"WebPage\",\"@id\":\"http:\/\/promitec.es\/news\/product\/the-head\/\",\"url\":\"http:\/\/promitec.es\/news\/product\/the-head\/\",\"name\":\"The Head loci\u00f3n comprar para el crecimiento del cabello en Promitec Tienda\",\"isPartOf\":{\"@id\":\"https:\/\/promitec.es\/news\/#website\"},\"datePublished\":\"2024-10-26T16:32:54+00:00\",\"dateModified\":\"2024-10-30T11:21:38+00:00\",\"breadcrumb\":{\"@id\":\"http:\/\/promitec.es\/news\/product\/the-head\/#breadcrumb\"},\"inLanguage\":\"es\",\"potentialAction\":[{\"@type\":\"ReadAction\",\"target\":[\"http:\/\/promitec.es\/news\/product\/the-head\/\"]}]},{\"@type\":\"BreadcrumbList\",\"@id\":\"http:\/\/promitec.es\/news\/product\/the-head\/#breadcrumb\",\"itemListElement\":[{\"@type\":\"ListItem\",\"position\":1,\"name\":\"Home\",\"item\":\"https:\/\/promitec.es\/news\/\"},{\"@type\":\"ListItem\",\"position\":2,\"name\":\"Tienda\",\"item\":\"https:\/\/promitec.es\/news\/\"},{\"@type\":\"ListItem\",\"position\":3,\"name\":\"The Head\"}]},{\"@type\":\"WebSite\",\"@id\":\"https:\/\/promitec.es\/news\/#website\",\"url\":\"https:\/\/promitec.es\/news\/\",\"name\":\"promitec\",\"description\":\"news\",\"publisher\":{\"@id\":\"https:\/\/promitec.es\/news\/#organization\"},\"potentialAction\":[{\"@type\":\"SearchAction\",\"target\":{\"@type\":\"EntryPoint\",\"urlTemplate\":\"https:\/\/promitec.es\/news\/?s={search_term_string}\"},\"query-input\":\"required name=search_term_string\"}],\"inLanguage\":\"es\"},{\"@type\":\"Organization\",\"@id\":\"https:\/\/promitec.es\/news\/#organization\",\"name\":\"promitec\",\"url\":\"https:\/\/promitec.es\/news\/\",\"logo\":{\"@type\":\"ImageObject\",\"inLanguage\":\"es\",\"@id\":\"https:\/\/promitec.es\/news\/#\/schema\/logo\/image\/\",\"url\":\"https:\/\/promitec.es\/news\/wp-content\/uploads\/2023\/12\/cropped-\u0421\u043d\u0438\u043c\u043e\u043a-\u044d\u043a\u0440\u0430\u043d\u0430-2023-12-14-\u0432-03.04.15.png\",\"contentUrl\":\"https:\/\/promitec.es\/news\/wp-content\/uploads\/2023\/12\/cropped-\u0421\u043d\u0438\u043c\u043e\u043a-\u044d\u043a\u0440\u0430\u043d\u0430-2023-12-14-\u0432-03.04.15.png\",\"width\":658,\"height\":234,\"caption\":\"promitec\"},\"image\":{\"@id\":\"https:\/\/promitec.es\/news\/#\/schema\/logo\/image\/\"}}]}<\/script>\n<!-- \/ Yoast SEO plugin. -->","yoast_head_json":{"title":"The Head loci\u00f3n comprar para el crecimiento del cabello en Promitec Tienda","robots":{"index":"index","follow":"follow","max-snippet":"max-snippet:-1","max-image-preview":"max-image-preview:large","max-video-preview":"max-video-preview:-1"},"canonical":"http:\/\/promitec.es\/news\/product\/the-head\/","og_locale":"es_ES","og_type":"article","og_title":"The Head loci\u00f3n comprar para el crecimiento del cabello en Promitec Tienda","og_description":"The Head es una loci\u00f3n capilar revolucionaria con ingredientes 100% naturales, como el aceite de arg\u00e1n y coco, que promete resultados visibles y duraderos en pocos minutos. Ideal para restaurar y revitalizar el cabello, su eficacia ha sido probada cient\u00edficamente, convirti\u00e9ndose en la favorita de mujeres de todo el mundo.","og_url":"http:\/\/promitec.es\/news\/product\/the-head\/","og_site_name":"promitec","article_modified_time":"2024-10-30T11:21:38+00:00","og_image":[{"width":234,"height":345,"url":"http:\/\/promitec.es\/news\/wp-content\/uploads\/2023\/12\/The-Head.jpg","type":"image\/jpeg"}],"twitter_card":"summary_large_image","twitter_misc":{"Tiempo de lectura":"9 minutos"},"schema":{"@context":"https:\/\/schema.org","@graph":[{"@type":"WebPage","@id":"http:\/\/promitec.es\/news\/product\/the-head\/","url":"http:\/\/promitec.es\/news\/product\/the-head\/","name":"The Head loci\u00f3n comprar para el crecimiento del cabello en Promitec Tienda","isPartOf":{"@id":"https:\/\/promitec.es\/news\/#website"},"datePublished":"2024-10-26T16:32:54+00:00","dateModified":"2024-10-30T11:21:38+00:00","breadcrumb":{"@id":"http:\/\/promitec.es\/news\/product\/the-head\/#breadcrumb"},"inLanguage":"es","potentialAction":[{"@type":"ReadAction","target":["http:\/\/promitec.es\/news\/product\/the-head\/"]}]},{"@type":"BreadcrumbList","@id":"http:\/\/promitec.es\/news\/product\/the-head\/#breadcrumb","itemListElement":[{"@type":"ListItem","position":1,"name":"Home","item":"https:\/\/promitec.es\/news\/"},{"@type":"ListItem","position":2,"name":"Tienda","item":"https:\/\/promitec.es\/news\/"},{"@type":"ListItem","position":3,"name":"The Head"}]},{"@type":"WebSite","@id":"https:\/\/promitec.es\/news\/#website","url":"https:\/\/promitec.es\/news\/","name":"promitec","description":"news","publisher":{"@id":"https:\/\/promitec.es\/news\/#organization"},"potentialAction":[{"@type":"SearchAction","target":{"@type":"EntryPoint","urlTemplate":"https:\/\/promitec.es\/news\/?s={search_term_string}"},"query-input":"required name=search_term_string"}],"inLanguage":"es"},{"@type":"Organization","@id":"https:\/\/promitec.es\/news\/#organization","name":"promitec","url":"https:\/\/promitec.es\/news\/","logo":{"@type":"ImageObject","inLanguage":"es","@id":"https:\/\/promitec.es\/news\/#\/schema\/logo\/image\/","url":"https:\/\/promitec.es\/news\/wp-content\/uploads\/2023\/12\/cropped-\u0421\u043d\u0438\u043c\u043e\u043a-\u044d\u043a\u0440\u0430\u043d\u0430-2023-12-14-\u0432-03.04.15.png","contentUrl":"https:\/\/promitec.es\/news\/wp-content\/uploads\/2023\/12\/cropped-\u0421\u043d\u0438\u043c\u043e\u043a-\u044d\u043a\u0440\u0430\u043d\u0430-2023-12-14-\u0432-03.04.15.png","width":658,"height":234,"caption":"promitec"},"image":{"@id":"https:\/\/promitec.es\/news\/#\/schema\/logo\/image\/"}}]}},"_links":{"self":[{"href":"https:\/\/promitec.es\/news\/wp-json\/wp\/v2\/product\/79"}],"collection":[{"href":"https:\/\/promitec.es\/news\/wp-json\/wp\/v2\/product"}],"about":[{"href":"https:\/\/promitec.es\/news\/wp-json\/wp\/v2\/types\/product"}],"replies":[{"embeddable":true,"href":"https:\/\/promitec.es\/news\/wp-json\/wp\/v2\/comments?post=79"}],"wp:featuredmedia":[{"embeddable":true,"href":"https:\/\/promitec.es\/news\/wp-json\/wp\/v2\/media\/18"}],"wp:attachment":[{"href":"https:\/\/promitec.es\/news\/wp-json\/wp\/v2\/media?parent=79"}],"wp:term":[{"taxonomy":"product_cat","embeddable":true,"href":"https:\/\/promitec.es\/news\/wp-json\/wp\/v2\/product_cat?post=79"},{"taxonomy":"product_tag","embeddable":true,"href":"https:\/\/promitec.es\/news\/wp-json\/wp\/v2\/product_tag?post=79"}],"curies":[{"name":"wp","href":"https:\/\/api.w.org\/{rel}","templated":true}]}}