{"id":78,"date":"2024-10-26T18:31:42","date_gmt":"2024-10-26T16:31:42","guid":{"rendered":"https:\/\/promitec.es\/news\/?post_type=product&#038;p=78"},"modified":"2024-10-30T12:21:59","modified_gmt":"2024-10-30T11:21:59","slug":"alfaman","status":"publish","type":"product","link":"http:\/\/promitec.es\/news\/product\/alfaman\/","title":{"rendered":"Alfaman"},"content":{"rendered":"<table>\n<tbody>\n<tr>\n<td>Sitio web<\/td>\n<td>Alfaman.es<\/td>\n<\/tr>\n<tr>\n<td>Acci\u00f3n<\/td>\n<td>\u2714 Prolongaci\u00f3n de las relaciones sexuales;<br \/>\n\u2714 Liberar todo tu poder sexual;<br \/>\n\u2714 Mejorar la calidad del sue\u00f1o y el tiempo de descanso;<br \/>\n\u2714 Mayor sensaci\u00f3n de energ\u00eda.<\/td>\n<\/tr>\n<tr>\n<td>Componentes<\/td>\n<td>\u2714 Extracto de guaran\u00e1;<br \/>\n\u2714 L-arginina;<br \/>\n\u2714 Glicina;<br \/>\n\u2714 Magnesio.<\/td>\n<\/tr>\n<tr>\n<td>Instrucciones de uso<\/td>\n<td>Se disuelven 1-2 c\u00e1psulas en agua y luego se agita la mezcla hasta obtener una sustancia homog\u00e9nea. La ingesta recomendada de c\u00e1psulas es dos veces al d\u00eda, en el horario conveniente para el cliente, durante 14 d\u00edas.<\/td>\n<\/tr>\n<tr>\n<td>Volumen<\/td>\n<td>30 c\u00e1psulas<\/td>\n<\/tr>\n<tr>\n<td>Precio<\/td>\n<td>\ud83d\uded1 790 MXN<\/td>\n<\/tr>\n<tr>\n<td>Entrega<\/td>\n<td>dentro de 3 d\u00edas h\u00e1biles<\/td>\n<\/tr>\n<\/tbody>\n<\/table>\n<h2><b>\u00a1Junto con las c\u00e1psulas Alfaman te convertir\u00e1s en un verdadero hombre en la cama!<\/b><\/h2>\n<p><img loading=\"lazy\" decoding=\"async\" class=\"aligncenter size-full wp-image-29\" src=\"http:\/\/promitec.es\/news\/wp-content\/uploads\/2023\/12\/Alfaman-10.jpg\" alt=\"Alfaman donde lo puedo conseguir\" width=\"500\" height=\"345\" srcset=\"https:\/\/promitec.es\/news\/wp-content\/uploads\/2023\/12\/Alfaman-10.jpg 500w, https:\/\/promitec.es\/news\/wp-content\/uploads\/2023\/12\/Alfaman-10-300x207.jpg 300w\" sizes=\"(max-width: 500px) 100vw, 500px\" \/><\/p>\n<p>Alfaman &#8211; \u00bfPor qu\u00e9 nos importa? No hay hombre que no imagine que puede satisfacer cualquier belleza que desee y hacerla experimentar un verdadero \u00e9xtasis \u00edntimo. Cuando la realidad dista de la fantas\u00eda, surgen problemas. Pocas personas se atreven a hablar de los problemas que experimentan con la eyaculaci\u00f3n precoz y el tama\u00f1o peque\u00f1o.<\/p>\n<p>La verg\u00fcenza y el rid\u00edculo son recuerdos que duran toda la vida y que a menudo conducen a estados de depresi\u00f3n cl\u00ednica, enfermedades mentales e incapacidad de tener contacto sexual con nadie m\u00e1s. En farmacias, comercios y comercios se pueden adquirir un gran n\u00famero de medicamentos para mejorar el rendimiento sexual. Sitios web. La mayor\u00eda no conduce a los resultados deseados ni a un contacto \u00edntimo completo.<\/p>\n<p>Sin embargo, las nuevas c\u00e1psulas para agrandar el pene para que sirve Alfaman son capaces de ofrecer resultados r\u00e1pidos, permanentes y extremadamente satisfactorios.<\/p>\n<h2><b>Todo hombre quiere ser considerado campe\u00f3n ol\u00edmpico en la cama.<\/b><\/h2>\n<p>Sin embargo, no todo el mundo est\u00e1 naturalmente dotado de la suficiente fuerza sexual o de confianza en s\u00ed mismo para poder presentarse con dignidad. A menudo, la duda es la principal raz\u00f3n de los fracasos \u00edntimos.<\/p>\n<p>Cuando un socio queda insatisfecho con una actuaci\u00f3n, inevitablemente se marchar\u00e1. La disfunci\u00f3n sexual ha provocado el fracaso en m\u00e1s de una relaci\u00f3n. Mantener relaciones \u00edntimas armoniosas es primordial para la estabilidad de la relaci\u00f3n.<\/p>\n<p>El mercado ofrece una gran cantidad de productos para mejorar la resistencia sexual y el agrandamiento del pene. S\u00f3lo unos pocos de ellos son capaces de hacer esto. Alfaman resultados reales &#8211; c\u00e1psulas para potenciar la acci\u00f3n revolucionaria.<\/p>\n<p>Es f\u00e1cil de aplicar y los resultados son permanentes y 100% garantizados. A diferencia de sus competidores, no provoca efectos secundarios ni reacciones no deseadas como erupciones cut\u00e1neas y alergias.<\/p>\n<p>Echemos un vistazo m\u00e1s de cerca a exactamente qu\u00e9 propiedades del producto para estimular la actividad sexual convierten a un hombre corriente en un verdadero macho.<\/p>\n<h2><b>\u00bfC\u00f3mo funcionan las c\u00e1psulas Alfaman?<\/b><\/h2>\n<p><img loading=\"lazy\" decoding=\"async\" class=\"aligncenter size-full wp-image-28\" src=\"http:\/\/promitec.es\/news\/wp-content\/uploads\/2023\/12\/Alfaman-9.jpg\" alt=\"Alfaman farmacia del ahorro\" width=\"500\" height=\"346\" srcset=\"https:\/\/promitec.es\/news\/wp-content\/uploads\/2023\/12\/Alfaman-9.jpg 500w, https:\/\/promitec.es\/news\/wp-content\/uploads\/2023\/12\/Alfaman-9-300x208.jpg 300w\" sizes=\"(max-width: 500px) 100vw, 500px\" \/><\/p>\n<p>El f\u00e1rmaco para estimular la actividad sexual contiene varios componentes principales, lo que hace que su composici\u00f3n y acci\u00f3n sean complejas. Debido a que Alfaman funciona es rico en vitaminas, minerales y amino\u00e1cidos, dilata las paredes de los vasos sangu\u00edneos y permite agrandar el pene de forma efectiva y permanente.<\/p>\n<p>El deseo sexual aumenta a medida que la persona tiene m\u00e1s energ\u00eda y mejora la calidad del sue\u00f1o. La sangre bombeada al pene y el hecho de que se oxide permite que el sexo m\u00e1s fuerte mantenga la erecci\u00f3n durante m\u00e1s tiempo, hasta que la pareja \u00edntima tambi\u00e9n sienta el m\u00e1ximo \u00e9xtasis y placer.<\/p>\n<h2><b>Efectividad del producto de potencia Alfaman es bueno o malo<\/b><\/h2>\n<p>Adem\u00e1s, puede eliminar por completo los problemas de la eyaculaci\u00f3n precoz y dolorosa, y tambi\u00e9n aumentar eficazmente el tama\u00f1o del pene hasta 10 cm con un uso regular durante dos semanas.<\/p>\n<p>Estos no son los \u00fanicos efectos garantizados del uso de c\u00e1psulas para mejorar el rendimiento en la cama. Algunos de los resultados Alfaman probados tambi\u00e9n incluyen:<\/p>\n<ol>\n<li aria-level=\"1\">Prolongaci\u00f3n de las relaciones sexuales;<\/li>\n<li aria-level=\"1\">Liberar todo tu poder sexual;<\/li>\n<li aria-level=\"1\">Mejorar la calidad del sue\u00f1o y el tiempo de descanso;<\/li>\n<li aria-level=\"1\">Mayor sensaci\u00f3n de energ\u00eda;<\/li>\n<li aria-level=\"1\">Tonificaci\u00f3n corporal;<\/li>\n<li aria-level=\"1\">M\u00e1s sed de vida;<\/li>\n<li aria-level=\"1\">Placer mutuo y \u00e9xtasis \u00edntimo;<\/li>\n<li aria-level=\"1\">Agrandamiento efectivo del pene hasta 10 cm;<\/li>\n<li aria-level=\"1\">Acci\u00f3n r\u00e1pida y resultados permanentes.<\/li>\n<\/ol>\n<h2><b>\u00bfQu\u00e9 hay dentro de la composici\u00f3n Alfaman?<\/b><\/h2>\n<p><img loading=\"lazy\" decoding=\"async\" class=\"aligncenter size-full wp-image-27\" src=\"http:\/\/promitec.es\/news\/wp-content\/uploads\/2023\/12\/Alfaman-8.jpg\" alt=\"Alfaman opiniones\" width=\"500\" height=\"359\" srcset=\"https:\/\/promitec.es\/news\/wp-content\/uploads\/2023\/12\/Alfaman-8.jpg 500w, https:\/\/promitec.es\/news\/wp-content\/uploads\/2023\/12\/Alfaman-8-300x215.jpg 300w\" sizes=\"(max-width: 500px) 100vw, 500px\" \/><\/p>\n<p>El secreto de la acci\u00f3n \u00fanica de Alfaman es que los ur\u00f3logos y sex\u00f3logos que participaron en su desarrollo y ensayos cl\u00ednicos se basaron en componentes que se encuentran naturalmente en la naturaleza y son afrodis\u00edacos comprobados. Como todo el mundo sabe, de \u00e9l se obtienen los mejores afrodis\u00edacos y potenciadores de potencia.<\/p>\n<p>Por tanto, no es de extra\u00f1ar que los componentes activosAlfaman incluyan:<\/p>\n<ul>\n<li aria-level=\"1\"><b>extracto de guaran\u00e1:<\/b> estimula el deseo sexual y bombea sangre al pene;<\/li>\n<li aria-level=\"1\"><b>L-arginina<\/b> \u2013 aumenta y mejora el tono y la circulaci\u00f3n sangu\u00ednea;<\/li>\n<li aria-level=\"1\"><b>glicina <\/b>\u2013 alivia el estr\u00e9s psicol\u00f3gico, aumenta la sensaci\u00f3n de felicidad, prolonga la erecci\u00f3n;<\/li>\n<li aria-level=\"1\"><b>magnesio<\/b>: estimula la masculinidad y el suministro de sangre a la pelvis.<\/li>\n<\/ul>\n<h2><b>\u00bfComo se aplica las c\u00e1psulas Alfaman correctamente?<\/b><\/h2>\n<p>El uso de c\u00e1psulas Alfaman como se usa el para aumentar el apetito sexual es sumamente sencillo, ya que est\u00e1n especialmente dise\u00f1adas para un uso c\u00f3modo. No contiene OGM, colorantes, saborizantes ni conservantes, por lo que su efecto es completamente natural y beneficioso para el organismo.<\/p>\n<p>Se disuelven 1-2 c\u00e1psulas en agua y luego se agita la mezcla hasta obtener una sustancia homog\u00e9nea. La ingesta recomendada de c\u00e1psulas Alfaman es dos veces al d\u00eda, en el horario conveniente para el cliente, durante 14 d\u00edas.<\/p>\n<p>Y aqu\u00ed tambi\u00e9n encontrar\u00e1s algunos consejos para tener un mejor sexo.<\/p>\n<h2><b>\u00bfQu\u00e9 discuten los compradores en los foros sobre Alfaman?<\/b><\/h2>\n<p><img loading=\"lazy\" decoding=\"async\" class=\"aligncenter size-full wp-image-26\" src=\"http:\/\/promitec.es\/news\/wp-content\/uploads\/2023\/12\/Alfaman-7.jpg\" alt=\"Alfaman confiable\" width=\"500\" height=\"486\" srcset=\"https:\/\/promitec.es\/news\/wp-content\/uploads\/2023\/12\/Alfaman-7.jpg 500w, https:\/\/promitec.es\/news\/wp-content\/uploads\/2023\/12\/Alfaman-7-300x292.jpg 300w\" sizes=\"(max-width: 500px) 100vw, 500px\" \/><\/p>\n<p>Hay toneladas de Alfaman opiniones y comentarios en foros de salud sexual. Hombres de diferentes edades comparten la opini\u00f3n de que est\u00e1n muy satisfechos con el efecto del f\u00e1rmaco para aumentar la libido. Afirman que el efecto de tomarlo ya se nota el segundo d\u00eda. Varias mujeres tambi\u00e9n comentan en sus comentarios que est\u00e1n muy satisfechas con el efecto. La mayor\u00eda de los foros son an\u00f3nimos, lo que obliga a los hombres a ser muy detallados en sus descripciones. Otra gran ventaja es la comodidad confiable de tomar las c\u00e1psulas Alfaman. Nuestra conclusi\u00f3n es que todo el mundo est\u00e1 contento con su compra y el producto est\u00e1 recomendado por numerosos comentarios online.<\/p>\n<h2><b>Opiniones de consumidores Alfaman<\/b><\/h2>\n<p>&nbsp;<\/p>\n<blockquote><p><b>Ariadna<\/b><\/p>\n<p>Acordamos con mi marido que empezar\u00eda farmacia del ahorro a tomar c\u00e1psulas Alfaman. El efecto se intensific\u00f3. El sexo ahora dura mucho tiempo, se ha vuelto mucho m\u00e1s placentero y no hay problemas de erecci\u00f3n. \u00a1Gracias a los creadores de una herramienta tan genial!<\/p><\/blockquote>\n<p>&nbsp;<\/p>\n<blockquote><p><b>Marcos<\/b><\/p>\n<p>Eleg\u00ed Alfaman donde lo puedo conseguir porque no tiene ning\u00fan efecto sobre el coraz\u00f3n. Y tengo muchas contraindicaciones en este punto. Despu\u00e9s de tomarlo no not\u00e9 ning\u00fan efecto secundario, mi erecci\u00f3n se hizo m\u00e1s fuerte y mi pene se hizo m\u00e1s grande. Los problemas de \u00abdisparo\u00bb prematuro han desaparecido por completo.<\/p><\/blockquote>\n<p>&nbsp;<\/p>\n<blockquote><p><b>Cristiano<\/b><\/p>\n<p>Soy un experimentador, as\u00ed que aprend\u00ed sobre las c\u00e1psulas Alfaman precio farmacia del ahorro bastante r\u00e1pido (sigo el tema). Inmediatamente orden\u00e9 y comenc\u00e9 a beber. Y \u00a1oh, qu\u00e9 obtuve! Un pene enorme, ten\u00eda un volumen de 3,6, se convirti\u00f3 en 5,4. \u00a1Esto es algo! Y qu\u00e9 orgasmos. Ahora estoy seguro de que definitivamente no hay nadie en la ciudad mejor en el sexo que yo.<\/p><\/blockquote>\n<p>&nbsp;<\/p>\n<blockquote><p><b>Bernat<\/b><\/p>\n<p>Toda mi vida pens\u00e9 que la libido baja y la mala erecci\u00f3n no me pasar\u00edan a m\u00ed. Pero uno dec\u00eda que yo era \u201cpeque\u00f1a\u201d&#8230; Todo fue cuesta abajo. La edad tambi\u00e9n pas\u00f3 factura. Aprend\u00ed sobre la droga walmart Alfaman gracias a un amigo. \u00a1Y \u00e9l me ayud\u00f3! Ahora nadie se atreve a llamarlo peque\u00f1o: \u00a121 cm de largo y 5 de grosor!<\/p><\/blockquote>\n<h2><b>Alfaman &#8211; \u00bfprecio de las c\u00e1psulas? \u00bfD\u00f3nde puedo comprar el medicamento original?<\/b><\/h2>\n<p>Debido al gran inter\u00e9s, actualmente hay un n\u00famero limitado de gotas disponibles a un precio especial donde lo venden Alfaman con un descuento del -50 %.<\/p>\n<p>Date prisa para aprovecharlo, porque hay mucha gente que quiere convertirse en un dios del sexo. Este precio de las c\u00e1psulas Alfaman es bastante comparable al de otros productos alternativos. Quiz\u00e1s sea posible encontrar medicamentos a un precio m\u00e1s bajo, pero ser\u00e1n atacados por productos qu\u00edmicos y esto corre el riesgo de da\u00f1ar el sistema reproductivo. De tales productos se debilita y en el futuro ya no podr\u00e1 prescindir de ellos.<\/p>\n<p>Alfaman el precio farmacia similares en los pa\u00edses de distribuci\u00f3n es realmente el mismo, esto fue f\u00e1cil de averiguar, ya que la venta se realiza \u00fanicamente online.<\/p>\n<h2><b>\u00bfC\u00f3mo hacer un pedido sencillo para Alfaman?<\/b><\/h2>\n<p><img loading=\"lazy\" decoding=\"async\" class=\"aligncenter size-full wp-image-25\" src=\"http:\/\/promitec.es\/news\/wp-content\/uploads\/2023\/12\/Alfaman-6.jpg\" alt=\"Alfaman funciona\" width=\"500\" height=\"341\" srcset=\"https:\/\/promitec.es\/news\/wp-content\/uploads\/2023\/12\/Alfaman-6.jpg 500w, https:\/\/promitec.es\/news\/wp-content\/uploads\/2023\/12\/Alfaman-6-300x205.jpg 300w\" sizes=\"(max-width: 500px) 100vw, 500px\" \/><\/p>\n<p>Las c\u00e1psulas para potenciar se entregan directamente en la puerta del usuario y la compra se realiza contra reembolso. Alfaman El pedido se realiza \u00fanicamente a trav\u00e9s del sitio web oficial del producto completando un peque\u00f1o formulario de solicitud. No encontrar\u00e1s donde comprar Alfaman en farmacias ni en sex-shops; si los ves all\u00ed, ser\u00e1 una estafa o un producto de imitaci\u00f3n. No se deje enga\u00f1ar y compre s\u00f3lo productos originales en el sitio web oficial.<\/p>\n<p>Los clientes deben ingresar cuidadosamente sus nombres y n\u00fameros de tel\u00e9fono actuales, ya que un representante de distribuidor autorizado se comunicar\u00e1 con ellos para confirmar su pedido.<\/p>\n<h2><b>\u00a1De un hombre corriente a un aut\u00e9ntico semental con Alfaman!<\/b><\/h2>\n<p>\u00a1Decir adi\u00f3s!\u00bb Salga de situaciones inc\u00f3modas en la cama y encuentre un nuevo poder sexual en c\u00e1psulas Alfaman para aumentar la potencia. \u00a1Tu pareja no s\u00f3lo estar\u00e1 feliz, sino que tambi\u00e9n estar\u00e1 en un estado constante de deleite!<\/p>\n<p>\u00a1Compra Alfaman ahora y prep\u00e1rate para una larga noche de diversi\u00f3n y emoci\u00f3n! Descubra lo que la ciencia nos dice que sepamos sobre el sexo.<\/p>\n","protected":false},"excerpt":{"rendered":"<p>Alfaman son c\u00e1psulas innovadoras que ayudan a mejorar el rendimiento masculino, ofreciendo resultados r\u00e1pidos y duraderos. Dise\u00f1adas para brindar satisfacci\u00f3n extrema, son la soluci\u00f3n ideal para aquellos que buscan confianza en sus momentos \u00edntimos.<\/p>\n","protected":false},"featured_media":24,"comment_status":"open","ping_status":"closed","template":"","meta":[],"product_cat":[18],"product_tag":[],"class_list":{"0":"post-78","1":"product","2":"type-product","3":"status-publish","4":"has-post-thumbnail","6":"product_cat-uncategorized","8":"first","9":"instock","10":"sale","11":"shipping-taxable","12":"purchasable","13":"product-type-simple"},"yoast_head":"<!-- This site is optimized with the Yoast SEO plugin v21.6 - https:\/\/yoast.com\/wordpress\/plugins\/seo\/ -->\n<title>Alfaman c\u00e1psulas comprar para potencia en Promitec Tienda<\/title>\n<meta name=\"robots\" content=\"index, follow, max-snippet:-1, max-image-preview:large, max-video-preview:-1\" \/>\n<link rel=\"canonical\" href=\"http:\/\/promitec.es\/news\/product\/alfaman\/\" \/>\n<meta property=\"og:locale\" content=\"es_ES\" \/>\n<meta property=\"og:type\" content=\"article\" \/>\n<meta property=\"og:title\" content=\"Alfaman c\u00e1psulas comprar para potencia en Promitec Tienda\" \/>\n<meta property=\"og:description\" content=\"Alfaman son c\u00e1psulas innovadoras que ayudan a mejorar el rendimiento masculino, ofreciendo resultados r\u00e1pidos y duraderos. Dise\u00f1adas para brindar satisfacci\u00f3n extrema, son la soluci\u00f3n ideal para aquellos que buscan confianza en sus momentos \u00edntimos.\" \/>\n<meta property=\"og:url\" content=\"http:\/\/promitec.es\/news\/product\/alfaman\/\" \/>\n<meta property=\"og:site_name\" content=\"promitec\" \/>\n<meta property=\"article:modified_time\" content=\"2024-10-30T11:21:59+00:00\" \/>\n<meta property=\"og:image\" content=\"http:\/\/promitec.es\/news\/wp-content\/uploads\/2023\/12\/Alfaman.jpg\" \/>\n\t<meta property=\"og:image:width\" content=\"248\" \/>\n\t<meta property=\"og:image:height\" content=\"340\" \/>\n\t<meta property=\"og:image:type\" content=\"image\/jpeg\" \/>\n<meta name=\"twitter:card\" content=\"summary_large_image\" \/>\n<meta name=\"twitter:label1\" content=\"Tiempo de lectura\" \/>\n\t<meta name=\"twitter:data1\" content=\"8 minutos\" \/>\n<script type=\"application\/ld+json\" class=\"yoast-schema-graph\">{\"@context\":\"https:\/\/schema.org\",\"@graph\":[{\"@type\":\"WebPage\",\"@id\":\"http:\/\/promitec.es\/news\/product\/alfaman\/\",\"url\":\"http:\/\/promitec.es\/news\/product\/alfaman\/\",\"name\":\"Alfaman c\u00e1psulas comprar para potencia en Promitec Tienda\",\"isPartOf\":{\"@id\":\"https:\/\/promitec.es\/news\/#website\"},\"datePublished\":\"2024-10-26T16:31:42+00:00\",\"dateModified\":\"2024-10-30T11:21:59+00:00\",\"breadcrumb\":{\"@id\":\"http:\/\/promitec.es\/news\/product\/alfaman\/#breadcrumb\"},\"inLanguage\":\"es\",\"potentialAction\":[{\"@type\":\"ReadAction\",\"target\":[\"http:\/\/promitec.es\/news\/product\/alfaman\/\"]}]},{\"@type\":\"BreadcrumbList\",\"@id\":\"http:\/\/promitec.es\/news\/product\/alfaman\/#breadcrumb\",\"itemListElement\":[{\"@type\":\"ListItem\",\"position\":1,\"name\":\"Home\",\"item\":\"https:\/\/promitec.es\/news\/\"},{\"@type\":\"ListItem\",\"position\":2,\"name\":\"Tienda\",\"item\":\"https:\/\/promitec.es\/news\/\"},{\"@type\":\"ListItem\",\"position\":3,\"name\":\"Alfaman\"}]},{\"@type\":\"WebSite\",\"@id\":\"https:\/\/promitec.es\/news\/#website\",\"url\":\"https:\/\/promitec.es\/news\/\",\"name\":\"promitec\",\"description\":\"news\",\"publisher\":{\"@id\":\"https:\/\/promitec.es\/news\/#organization\"},\"potentialAction\":[{\"@type\":\"SearchAction\",\"target\":{\"@type\":\"EntryPoint\",\"urlTemplate\":\"https:\/\/promitec.es\/news\/?s={search_term_string}\"},\"query-input\":\"required name=search_term_string\"}],\"inLanguage\":\"es\"},{\"@type\":\"Organization\",\"@id\":\"https:\/\/promitec.es\/news\/#organization\",\"name\":\"promitec\",\"url\":\"https:\/\/promitec.es\/news\/\",\"logo\":{\"@type\":\"ImageObject\",\"inLanguage\":\"es\",\"@id\":\"https:\/\/promitec.es\/news\/#\/schema\/logo\/image\/\",\"url\":\"https:\/\/promitec.es\/news\/wp-content\/uploads\/2023\/12\/cropped-\u0421\u043d\u0438\u043c\u043e\u043a-\u044d\u043a\u0440\u0430\u043d\u0430-2023-12-14-\u0432-03.04.15.png\",\"contentUrl\":\"https:\/\/promitec.es\/news\/wp-content\/uploads\/2023\/12\/cropped-\u0421\u043d\u0438\u043c\u043e\u043a-\u044d\u043a\u0440\u0430\u043d\u0430-2023-12-14-\u0432-03.04.15.png\",\"width\":658,\"height\":234,\"caption\":\"promitec\"},\"image\":{\"@id\":\"https:\/\/promitec.es\/news\/#\/schema\/logo\/image\/\"}}]}<\/script>\n<!-- \/ Yoast SEO plugin. -->","yoast_head_json":{"title":"Alfaman c\u00e1psulas comprar para potencia en Promitec Tienda","robots":{"index":"index","follow":"follow","max-snippet":"max-snippet:-1","max-image-preview":"max-image-preview:large","max-video-preview":"max-video-preview:-1"},"canonical":"http:\/\/promitec.es\/news\/product\/alfaman\/","og_locale":"es_ES","og_type":"article","og_title":"Alfaman c\u00e1psulas comprar para potencia en Promitec Tienda","og_description":"Alfaman son c\u00e1psulas innovadoras que ayudan a mejorar el rendimiento masculino, ofreciendo resultados r\u00e1pidos y duraderos. Dise\u00f1adas para brindar satisfacci\u00f3n extrema, son la soluci\u00f3n ideal para aquellos que buscan confianza en sus momentos \u00edntimos.","og_url":"http:\/\/promitec.es\/news\/product\/alfaman\/","og_site_name":"promitec","article_modified_time":"2024-10-30T11:21:59+00:00","og_image":[{"width":248,"height":340,"url":"http:\/\/promitec.es\/news\/wp-content\/uploads\/2023\/12\/Alfaman.jpg","type":"image\/jpeg"}],"twitter_card":"summary_large_image","twitter_misc":{"Tiempo de lectura":"8 minutos"},"schema":{"@context":"https:\/\/schema.org","@graph":[{"@type":"WebPage","@id":"http:\/\/promitec.es\/news\/product\/alfaman\/","url":"http:\/\/promitec.es\/news\/product\/alfaman\/","name":"Alfaman c\u00e1psulas comprar para potencia en Promitec Tienda","isPartOf":{"@id":"https:\/\/promitec.es\/news\/#website"},"datePublished":"2024-10-26T16:31:42+00:00","dateModified":"2024-10-30T11:21:59+00:00","breadcrumb":{"@id":"http:\/\/promitec.es\/news\/product\/alfaman\/#breadcrumb"},"inLanguage":"es","potentialAction":[{"@type":"ReadAction","target":["http:\/\/promitec.es\/news\/product\/alfaman\/"]}]},{"@type":"BreadcrumbList","@id":"http:\/\/promitec.es\/news\/product\/alfaman\/#breadcrumb","itemListElement":[{"@type":"ListItem","position":1,"name":"Home","item":"https:\/\/promitec.es\/news\/"},{"@type":"ListItem","position":2,"name":"Tienda","item":"https:\/\/promitec.es\/news\/"},{"@type":"ListItem","position":3,"name":"Alfaman"}]},{"@type":"WebSite","@id":"https:\/\/promitec.es\/news\/#website","url":"https:\/\/promitec.es\/news\/","name":"promitec","description":"news","publisher":{"@id":"https:\/\/promitec.es\/news\/#organization"},"potentialAction":[{"@type":"SearchAction","target":{"@type":"EntryPoint","urlTemplate":"https:\/\/promitec.es\/news\/?s={search_term_string}"},"query-input":"required name=search_term_string"}],"inLanguage":"es"},{"@type":"Organization","@id":"https:\/\/promitec.es\/news\/#organization","name":"promitec","url":"https:\/\/promitec.es\/news\/","logo":{"@type":"ImageObject","inLanguage":"es","@id":"https:\/\/promitec.es\/news\/#\/schema\/logo\/image\/","url":"https:\/\/promitec.es\/news\/wp-content\/uploads\/2023\/12\/cropped-\u0421\u043d\u0438\u043c\u043e\u043a-\u044d\u043a\u0440\u0430\u043d\u0430-2023-12-14-\u0432-03.04.15.png","contentUrl":"https:\/\/promitec.es\/news\/wp-content\/uploads\/2023\/12\/cropped-\u0421\u043d\u0438\u043c\u043e\u043a-\u044d\u043a\u0440\u0430\u043d\u0430-2023-12-14-\u0432-03.04.15.png","width":658,"height":234,"caption":"promitec"},"image":{"@id":"https:\/\/promitec.es\/news\/#\/schema\/logo\/image\/"}}]}},"_links":{"self":[{"href":"https:\/\/promitec.es\/news\/wp-json\/wp\/v2\/product\/78"}],"collection":[{"href":"https:\/\/promitec.es\/news\/wp-json\/wp\/v2\/product"}],"about":[{"href":"https:\/\/promitec.es\/news\/wp-json\/wp\/v2\/types\/product"}],"replies":[{"embeddable":true,"href":"https:\/\/promitec.es\/news\/wp-json\/wp\/v2\/comments?post=78"}],"wp:featuredmedia":[{"embeddable":true,"href":"https:\/\/promitec.es\/news\/wp-json\/wp\/v2\/media\/24"}],"wp:attachment":[{"href":"https:\/\/promitec.es\/news\/wp-json\/wp\/v2\/media?parent=78"}],"wp:term":[{"taxonomy":"product_cat","embeddable":true,"href":"https:\/\/promitec.es\/news\/wp-json\/wp\/v2\/product_cat?post=78"},{"taxonomy":"product_tag","embeddable":true,"href":"https:\/\/promitec.es\/news\/wp-json\/wp\/v2\/product_tag?post=78"}],"curies":[{"name":"wp","href":"https:\/\/api.w.org\/{rel}","templated":true}]}}