{"id":62,"date":"2023-12-25T23:48:57","date_gmt":"2023-12-25T22:48:57","guid":{"rendered":"https:\/\/promitec.es\/news\/?page_id=62"},"modified":"2023-12-25T23:48:57","modified_gmt":"2023-12-25T22:48:57","slug":"condiciones-de-uso","status":"publish","type":"page","link":"http:\/\/promitec.es\/news\/condiciones-de-uso\/","title":{"rendered":"Condiciones de uso"},"content":{"rendered":"<h2>Condiciones de uso<\/h2>\n<p>Estos t\u00e9rminos y condiciones rigen el uso de https:\/\/promitec.es, que ofrece art\u00edculos m\u00e9dicos y venta de suplementos para la salud. Al utilizar este sitio web, acepta estos t\u00e9rminos y condiciones en su totalidad.<\/p>\n<h2>\nDerechos de propiedad intelectual<\/h2>\n<p>A menos que se indique lo contrario, https:\/\/promitec.es\u00a0y sus licenciantes poseen los derechos de propiedad intelectual publicados en este sitio web y los materiales utilizados en https:\/\/promitec.es. Sujeto a la licencia a continuaci\u00f3n, todos estos derechos de propiedad intelectual est\u00e1n reservados.<\/p>\n<h2>\nLicencia para usar el sitio web<\/h2>\n<p>Puede ver, descargar \u00fanicamente con fines de almacenamiento en cach\u00e9 e imprimir p\u00e1ginas u otro contenido del sitio web para su uso personal, sujeto a las restricciones establecidas a continuaci\u00f3n y en otras partes de estos t\u00e9rminos y condiciones.<\/p>\n<h2>\nContenido del usuario<\/h2>\n<p>En estos t\u00e9rminos y condiciones, \u00absu contenido de usuario\u00bb significa material (incluido texto, im\u00e1genes, material de audio, material de video y material audiovisual) que usted env\u00eda a este sitio web. Usted otorga a https:\/\/promitec.es\u00a0una licencia mundial, irrevocable, no exclusiva y libre de regal\u00edas para usar, reproducir, adaptar, publicar, traducir y distribuir su contenido de usuario en cualquier medio existente o futuro.<\/p>\n<h2>\nSin garant\u00edas<\/h2>\n<p>Este sitio web se proporciona \u00abtal cual\u00bb sin ninguna representaci\u00f3n ni garant\u00eda, expresa o impl\u00edcita. https:\/\/promitec.es\u00a0no hace representaciones ni garant\u00edas en relaci\u00f3n con este sitio web o la informaci\u00f3n y los materiales proporcionados en este sitio web.<\/p>\n<h2>\nLimitaciones de responsabilidad<\/h2>\n<p>https:\/\/promitec.es\u00a0no ser\u00e1 responsable ante usted en relaci\u00f3n con el contenido, el uso o cualquier otra conexi\u00f3n con este sitio web: por cualquier p\u00e9rdida indirecta, especial o consecuente; o por cualquier p\u00e9rdida comercial, p\u00e9rdida de ingresos, ganancias o ahorros anticipados, p\u00e9rdida de contratos o relaciones comerciales, p\u00e9rdida de reputaci\u00f3n o buena voluntad, o p\u00e9rdida o corrupci\u00f3n de informaci\u00f3n o datos.<\/p>\n<h2>\nVariaci\u00f3n<\/h2>\n<p>https:\/\/promitec.es\u00a0puede revisar estos t\u00e9rminos y condiciones peri\u00f3dicamente. Los t\u00e9rminos y condiciones revisados \u200b\u200bse aplicar\u00e1n al uso de este sitio web a partir de la fecha de publicaci\u00f3n de los t\u00e9rminos y condiciones revisados \u200b\u200ben este sitio web.<\/p>\n","protected":false},"excerpt":{"rendered":"<p>Condiciones de uso Estos t\u00e9rminos y condiciones rigen el uso de https:\/\/promitec.es, que ofrece art\u00edculos m\u00e9dicos y venta de suplementos para la salud. Al utilizar este sitio web, acepta estos t\u00e9rminos y condiciones en su totalidad. Derechos de propiedad intelectual A menos que se indique lo contrario, https:\/\/promitec.es\u00a0y sus licenciantes poseen los derechos de propiedad [&hellip;]<\/p>\n","protected":false},"author":1,"featured_media":0,"parent":0,"menu_order":0,"comment_status":"closed","ping_status":"closed","template":"","meta":{"footnotes":""},"class_list":["post-62","page","type-page","status-publish","hentry"],"yoast_head":"<!-- This site is optimized with the Yoast SEO plugin v21.6 - https:\/\/yoast.com\/wordpress\/plugins\/seo\/ -->\n<title>Condiciones de uso - promitec<\/title>\n<meta name=\"robots\" content=\"index, follow, max-snippet:-1, max-image-preview:large, max-video-preview:-1\" \/>\n<link rel=\"canonical\" href=\"http:\/\/promitec.es\/news\/condiciones-de-uso\/\" \/>\n<meta property=\"og:locale\" content=\"es_ES\" \/>\n<meta property=\"og:type\" content=\"article\" \/>\n<meta property=\"og:title\" content=\"Condiciones de uso - promitec\" \/>\n<meta property=\"og:description\" content=\"Condiciones de uso Estos t\u00e9rminos y condiciones rigen el uso de https:\/\/promitec.es, que ofrece art\u00edculos m\u00e9dicos y venta de suplementos para la salud. Al utilizar este sitio web, acepta estos t\u00e9rminos y condiciones en su totalidad. Derechos de propiedad intelectual A menos que se indique lo contrario, https:\/\/promitec.es\u00a0y sus licenciantes poseen los derechos de propiedad [&hellip;]\" \/>\n<meta property=\"og:url\" content=\"http:\/\/promitec.es\/news\/condiciones-de-uso\/\" \/>\n<meta property=\"og:site_name\" content=\"promitec\" \/>\n<meta name=\"twitter:card\" content=\"summary_large_image\" \/>\n<meta name=\"twitter:label1\" content=\"Tiempo de lectura\" \/>\n\t<meta name=\"twitter:data1\" content=\"2 minutos\" \/>\n<script type=\"application\/ld+json\" class=\"yoast-schema-graph\">{\"@context\":\"https:\/\/schema.org\",\"@graph\":[{\"@type\":\"WebPage\",\"@id\":\"http:\/\/promitec.es\/news\/condiciones-de-uso\/\",\"url\":\"http:\/\/promitec.es\/news\/condiciones-de-uso\/\",\"name\":\"Condiciones de uso - promitec\",\"isPartOf\":{\"@id\":\"https:\/\/promitec.es\/news\/#website\"},\"datePublished\":\"2023-12-25T22:48:57+00:00\",\"dateModified\":\"2023-12-25T22:48:57+00:00\",\"breadcrumb\":{\"@id\":\"http:\/\/promitec.es\/news\/condiciones-de-uso\/#breadcrumb\"},\"inLanguage\":\"es\",\"potentialAction\":[{\"@type\":\"ReadAction\",\"target\":[\"http:\/\/promitec.es\/news\/condiciones-de-uso\/\"]}]},{\"@type\":\"BreadcrumbList\",\"@id\":\"http:\/\/promitec.es\/news\/condiciones-de-uso\/#breadcrumb\",\"itemListElement\":[{\"@type\":\"ListItem\",\"position\":1,\"name\":\"Home\",\"item\":\"https:\/\/promitec.es\/news\/\"},{\"@type\":\"ListItem\",\"position\":2,\"name\":\"Condiciones de uso\"}]},{\"@type\":\"WebSite\",\"@id\":\"https:\/\/promitec.es\/news\/#website\",\"url\":\"https:\/\/promitec.es\/news\/\",\"name\":\"promitec\",\"description\":\"news\",\"publisher\":{\"@id\":\"https:\/\/promitec.es\/news\/#organization\"},\"potentialAction\":[{\"@type\":\"SearchAction\",\"target\":{\"@type\":\"EntryPoint\",\"urlTemplate\":\"https:\/\/promitec.es\/news\/?s={search_term_string}\"},\"query-input\":\"required name=search_term_string\"}],\"inLanguage\":\"es\"},{\"@type\":\"Organization\",\"@id\":\"https:\/\/promitec.es\/news\/#organization\",\"name\":\"promitec\",\"url\":\"https:\/\/promitec.es\/news\/\",\"logo\":{\"@type\":\"ImageObject\",\"inLanguage\":\"es\",\"@id\":\"https:\/\/promitec.es\/news\/#\/schema\/logo\/image\/\",\"url\":\"https:\/\/promitec.es\/news\/wp-content\/uploads\/2023\/12\/cropped-\u0421\u043d\u0438\u043c\u043e\u043a-\u044d\u043a\u0440\u0430\u043d\u0430-2023-12-14-\u0432-03.04.15.png\",\"contentUrl\":\"https:\/\/promitec.es\/news\/wp-content\/uploads\/2023\/12\/cropped-\u0421\u043d\u0438\u043c\u043e\u043a-\u044d\u043a\u0440\u0430\u043d\u0430-2023-12-14-\u0432-03.04.15.png\",\"width\":658,\"height\":234,\"caption\":\"promitec\"},\"image\":{\"@id\":\"https:\/\/promitec.es\/news\/#\/schema\/logo\/image\/\"}}]}<\/script>\n<!-- \/ Yoast SEO plugin. -->","yoast_head_json":{"title":"Condiciones de uso - promitec","robots":{"index":"index","follow":"follow","max-snippet":"max-snippet:-1","max-image-preview":"max-image-preview:large","max-video-preview":"max-video-preview:-1"},"canonical":"http:\/\/promitec.es\/news\/condiciones-de-uso\/","og_locale":"es_ES","og_type":"article","og_title":"Condiciones de uso - promitec","og_description":"Condiciones de uso Estos t\u00e9rminos y condiciones rigen el uso de https:\/\/promitec.es, que ofrece art\u00edculos m\u00e9dicos y venta de suplementos para la salud. Al utilizar este sitio web, acepta estos t\u00e9rminos y condiciones en su totalidad. Derechos de propiedad intelectual A menos que se indique lo contrario, https:\/\/promitec.es\u00a0y sus licenciantes poseen los derechos de propiedad [&hellip;]","og_url":"http:\/\/promitec.es\/news\/condiciones-de-uso\/","og_site_name":"promitec","twitter_card":"summary_large_image","twitter_misc":{"Tiempo de lectura":"2 minutos"},"schema":{"@context":"https:\/\/schema.org","@graph":[{"@type":"WebPage","@id":"http:\/\/promitec.es\/news\/condiciones-de-uso\/","url":"http:\/\/promitec.es\/news\/condiciones-de-uso\/","name":"Condiciones de uso - promitec","isPartOf":{"@id":"https:\/\/promitec.es\/news\/#website"},"datePublished":"2023-12-25T22:48:57+00:00","dateModified":"2023-12-25T22:48:57+00:00","breadcrumb":{"@id":"http:\/\/promitec.es\/news\/condiciones-de-uso\/#breadcrumb"},"inLanguage":"es","potentialAction":[{"@type":"ReadAction","target":["http:\/\/promitec.es\/news\/condiciones-de-uso\/"]}]},{"@type":"BreadcrumbList","@id":"http:\/\/promitec.es\/news\/condiciones-de-uso\/#breadcrumb","itemListElement":[{"@type":"ListItem","position":1,"name":"Home","item":"https:\/\/promitec.es\/news\/"},{"@type":"ListItem","position":2,"name":"Condiciones de uso"}]},{"@type":"WebSite","@id":"https:\/\/promitec.es\/news\/#website","url":"https:\/\/promitec.es\/news\/","name":"promitec","description":"news","publisher":{"@id":"https:\/\/promitec.es\/news\/#organization"},"potentialAction":[{"@type":"SearchAction","target":{"@type":"EntryPoint","urlTemplate":"https:\/\/promitec.es\/news\/?s={search_term_string}"},"query-input":"required name=search_term_string"}],"inLanguage":"es"},{"@type":"Organization","@id":"https:\/\/promitec.es\/news\/#organization","name":"promitec","url":"https:\/\/promitec.es\/news\/","logo":{"@type":"ImageObject","inLanguage":"es","@id":"https:\/\/promitec.es\/news\/#\/schema\/logo\/image\/","url":"https:\/\/promitec.es\/news\/wp-content\/uploads\/2023\/12\/cropped-\u0421\u043d\u0438\u043c\u043e\u043a-\u044d\u043a\u0440\u0430\u043d\u0430-2023-12-14-\u0432-03.04.15.png","contentUrl":"https:\/\/promitec.es\/news\/wp-content\/uploads\/2023\/12\/cropped-\u0421\u043d\u0438\u043c\u043e\u043a-\u044d\u043a\u0440\u0430\u043d\u0430-2023-12-14-\u0432-03.04.15.png","width":658,"height":234,"caption":"promitec"},"image":{"@id":"https:\/\/promitec.es\/news\/#\/schema\/logo\/image\/"}}]}},"_links":{"self":[{"href":"https:\/\/promitec.es\/news\/wp-json\/wp\/v2\/pages\/62"}],"collection":[{"href":"https:\/\/promitec.es\/news\/wp-json\/wp\/v2\/pages"}],"about":[{"href":"https:\/\/promitec.es\/news\/wp-json\/wp\/v2\/types\/page"}],"author":[{"embeddable":true,"href":"https:\/\/promitec.es\/news\/wp-json\/wp\/v2\/users\/1"}],"replies":[{"embeddable":true,"href":"https:\/\/promitec.es\/news\/wp-json\/wp\/v2\/comments?post=62"}],"version-history":[{"count":1,"href":"https:\/\/promitec.es\/news\/wp-json\/wp\/v2\/pages\/62\/revisions"}],"predecessor-version":[{"id":63,"href":"https:\/\/promitec.es\/news\/wp-json\/wp\/v2\/pages\/62\/revisions\/63"}],"wp:attachment":[{"href":"https:\/\/promitec.es\/news\/wp-json\/wp\/v2\/media?parent=62"}],"curies":[{"name":"wp","href":"https:\/\/api.w.org\/{rel}","templated":true}]}}