{"id":60,"date":"2023-12-25T23:39:04","date_gmt":"2023-12-25T22:39:04","guid":{"rendered":"https:\/\/promitec.es\/news\/?page_id=60"},"modified":"2023-12-25T23:39:04","modified_gmt":"2023-12-25T22:39:04","slug":"politica-de-privacidad","status":"publish","type":"page","link":"http:\/\/promitec.es\/news\/politica-de-privacidad\/","title":{"rendered":"Pol\u00edtica de privacidad"},"content":{"rendered":"<h2>Avance<\/h2>\n<p>Esta Pol\u00edtica de Privacidad rige la manera en que https:\/\/promitec.es\u00a0recopila, utiliza, mantiene y divulga la informaci\u00f3n recopilada de los usuarios del sitio web. Se aplica al sitio y a todos los productos y servicios ofrecidos.<\/p>\n<h2>\nInformaci\u00f3n de identificaci\u00f3n personal<\/h2>\n<p>Podemos recopilar informaci\u00f3n de identificaci\u00f3n personal de los Usuarios de diversas maneras, incluidas, entre otras, cuando los Usuarios visitan nuestro Sitio, se registran en el Sitio, se suscriben al bolet\u00edn informativo y en conexi\u00f3n con otras actividades, servicios, caracter\u00edsticas o recursos que poner a disposici\u00f3n en nuestro sitio.<\/p>\n<h2>\nInformaci\u00f3n de identificaci\u00f3n no personal<\/h2>\n<p>Podemos recopilar informaci\u00f3n de identificaci\u00f3n no personal sobre los usuarios cada vez que interact\u00faan con nuestro sitio. La informaci\u00f3n de identificaci\u00f3n no personal puede incluir el nombre del navegador, el tipo de computadora e informaci\u00f3n t\u00e9cnica sobre los medios que utilizan los usuarios para conectarse a nuestro sitio, como el sistema operativo y los proveedores de servicios de Internet utilizados.<\/p>\n<h2>\nCookies del navegador web<\/h2>\n<p>Nuestro sitio puede utilizar \u201ccookies\u201d para mejorar la experiencia del usuario. Los navegadores web de los usuarios colocan cookies en sus discos duros con fines de mantenimiento de registros y, a veces, para rastrear informaci\u00f3n sobre ellos.<\/p>\n<h2>\nC\u00f3mo utilizamos la informaci\u00f3n recopilada<\/h2>\n<p>https:\/\/promitec.es\u00a0puede recopilar y utilizar la informaci\u00f3n personal de los usuarios para los siguientes fines: mejorar el servicio al cliente, personalizar la experiencia del usuario, mejorar nuestro sitio, procesar pagos, enviar correos electr\u00f3nicos peri\u00f3dicos.<\/p>\n<h2>\nCambios a esta Pol\u00edtica de Privacidad<\/h2>\n<p>https:\/\/promitec.es\u00a0tiene la discreci\u00f3n de actualizar esta pol\u00edtica de privacidad en cualquier momento. Alentamos a los usuarios a consultar con frecuencia esta p\u00e1gina para ver si hay cambios.<br \/>\nAmbas opciones ofrecen un enfoque integral de la privacidad, enfatizando la importancia de proteger los datos del usuario y una comunicaci\u00f3n clara sobre c\u00f3mo se utiliza la informaci\u00f3n personal.<\/p>\n","protected":false},"excerpt":{"rendered":"<p>Avance Esta Pol\u00edtica de Privacidad rige la manera en que https:\/\/promitec.es\u00a0recopila, utiliza, mantiene y divulga la informaci\u00f3n recopilada de los usuarios del sitio web. Se aplica al sitio y a todos los productos y servicios ofrecidos. Informaci\u00f3n de identificaci\u00f3n personal Podemos recopilar informaci\u00f3n de identificaci\u00f3n personal de los Usuarios de diversas maneras, incluidas, entre otras, [&hellip;]<\/p>\n","protected":false},"author":1,"featured_media":0,"parent":0,"menu_order":0,"comment_status":"closed","ping_status":"closed","template":"","meta":{"footnotes":""},"class_list":["post-60","page","type-page","status-publish","hentry"],"yoast_head":"<!-- This site is optimized with the Yoast SEO plugin v21.6 - https:\/\/yoast.com\/wordpress\/plugins\/seo\/ -->\n<title>Pol\u00edtica de privacidad - promitec<\/title>\n<meta name=\"robots\" content=\"index, follow, max-snippet:-1, max-image-preview:large, max-video-preview:-1\" \/>\n<link rel=\"canonical\" href=\"http:\/\/promitec.es\/news\/politica-de-privacidad\/\" \/>\n<meta property=\"og:locale\" content=\"es_ES\" \/>\n<meta property=\"og:type\" content=\"article\" \/>\n<meta property=\"og:title\" content=\"Pol\u00edtica de privacidad - promitec\" \/>\n<meta property=\"og:description\" content=\"Avance Esta Pol\u00edtica de Privacidad rige la manera en que https:\/\/promitec.es\u00a0recopila, utiliza, mantiene y divulga la informaci\u00f3n recopilada de los usuarios del sitio web. Se aplica al sitio y a todos los productos y servicios ofrecidos. Informaci\u00f3n de identificaci\u00f3n personal Podemos recopilar informaci\u00f3n de identificaci\u00f3n personal de los Usuarios de diversas maneras, incluidas, entre otras, [&hellip;]\" \/>\n<meta property=\"og:url\" content=\"http:\/\/promitec.es\/news\/politica-de-privacidad\/\" \/>\n<meta property=\"og:site_name\" content=\"promitec\" \/>\n<meta name=\"twitter:card\" content=\"summary_large_image\" \/>\n<meta name=\"twitter:label1\" content=\"Tiempo de lectura\" \/>\n\t<meta name=\"twitter:data1\" content=\"2 minutos\" \/>\n<script type=\"application\/ld+json\" class=\"yoast-schema-graph\">{\"@context\":\"https:\/\/schema.org\",\"@graph\":[{\"@type\":\"WebPage\",\"@id\":\"http:\/\/promitec.es\/news\/politica-de-privacidad\/\",\"url\":\"http:\/\/promitec.es\/news\/politica-de-privacidad\/\",\"name\":\"Pol\u00edtica de privacidad - promitec\",\"isPartOf\":{\"@id\":\"https:\/\/promitec.es\/news\/#website\"},\"datePublished\":\"2023-12-25T22:39:04+00:00\",\"dateModified\":\"2023-12-25T22:39:04+00:00\",\"breadcrumb\":{\"@id\":\"http:\/\/promitec.es\/news\/politica-de-privacidad\/#breadcrumb\"},\"inLanguage\":\"es\",\"potentialAction\":[{\"@type\":\"ReadAction\",\"target\":[\"http:\/\/promitec.es\/news\/politica-de-privacidad\/\"]}]},{\"@type\":\"BreadcrumbList\",\"@id\":\"http:\/\/promitec.es\/news\/politica-de-privacidad\/#breadcrumb\",\"itemListElement\":[{\"@type\":\"ListItem\",\"position\":1,\"name\":\"Home\",\"item\":\"https:\/\/promitec.es\/news\/\"},{\"@type\":\"ListItem\",\"position\":2,\"name\":\"Pol\u00edtica de privacidad\"}]},{\"@type\":\"WebSite\",\"@id\":\"https:\/\/promitec.es\/news\/#website\",\"url\":\"https:\/\/promitec.es\/news\/\",\"name\":\"promitec\",\"description\":\"news\",\"publisher\":{\"@id\":\"https:\/\/promitec.es\/news\/#organization\"},\"potentialAction\":[{\"@type\":\"SearchAction\",\"target\":{\"@type\":\"EntryPoint\",\"urlTemplate\":\"https:\/\/promitec.es\/news\/?s={search_term_string}\"},\"query-input\":\"required name=search_term_string\"}],\"inLanguage\":\"es\"},{\"@type\":\"Organization\",\"@id\":\"https:\/\/promitec.es\/news\/#organization\",\"name\":\"promitec\",\"url\":\"https:\/\/promitec.es\/news\/\",\"logo\":{\"@type\":\"ImageObject\",\"inLanguage\":\"es\",\"@id\":\"https:\/\/promitec.es\/news\/#\/schema\/logo\/image\/\",\"url\":\"https:\/\/promitec.es\/news\/wp-content\/uploads\/2023\/12\/cropped-\u0421\u043d\u0438\u043c\u043e\u043a-\u044d\u043a\u0440\u0430\u043d\u0430-2023-12-14-\u0432-03.04.15.png\",\"contentUrl\":\"https:\/\/promitec.es\/news\/wp-content\/uploads\/2023\/12\/cropped-\u0421\u043d\u0438\u043c\u043e\u043a-\u044d\u043a\u0440\u0430\u043d\u0430-2023-12-14-\u0432-03.04.15.png\",\"width\":658,\"height\":234,\"caption\":\"promitec\"},\"image\":{\"@id\":\"https:\/\/promitec.es\/news\/#\/schema\/logo\/image\/\"}}]}<\/script>\n<!-- \/ Yoast SEO plugin. -->","yoast_head_json":{"title":"Pol\u00edtica de privacidad - promitec","robots":{"index":"index","follow":"follow","max-snippet":"max-snippet:-1","max-image-preview":"max-image-preview:large","max-video-preview":"max-video-preview:-1"},"canonical":"http:\/\/promitec.es\/news\/politica-de-privacidad\/","og_locale":"es_ES","og_type":"article","og_title":"Pol\u00edtica de privacidad - promitec","og_description":"Avance Esta Pol\u00edtica de Privacidad rige la manera en que https:\/\/promitec.es\u00a0recopila, utiliza, mantiene y divulga la informaci\u00f3n recopilada de los usuarios del sitio web. Se aplica al sitio y a todos los productos y servicios ofrecidos. Informaci\u00f3n de identificaci\u00f3n personal Podemos recopilar informaci\u00f3n de identificaci\u00f3n personal de los Usuarios de diversas maneras, incluidas, entre otras, [&hellip;]","og_url":"http:\/\/promitec.es\/news\/politica-de-privacidad\/","og_site_name":"promitec","twitter_card":"summary_large_image","twitter_misc":{"Tiempo de lectura":"2 minutos"},"schema":{"@context":"https:\/\/schema.org","@graph":[{"@type":"WebPage","@id":"http:\/\/promitec.es\/news\/politica-de-privacidad\/","url":"http:\/\/promitec.es\/news\/politica-de-privacidad\/","name":"Pol\u00edtica de privacidad - promitec","isPartOf":{"@id":"https:\/\/promitec.es\/news\/#website"},"datePublished":"2023-12-25T22:39:04+00:00","dateModified":"2023-12-25T22:39:04+00:00","breadcrumb":{"@id":"http:\/\/promitec.es\/news\/politica-de-privacidad\/#breadcrumb"},"inLanguage":"es","potentialAction":[{"@type":"ReadAction","target":["http:\/\/promitec.es\/news\/politica-de-privacidad\/"]}]},{"@type":"BreadcrumbList","@id":"http:\/\/promitec.es\/news\/politica-de-privacidad\/#breadcrumb","itemListElement":[{"@type":"ListItem","position":1,"name":"Home","item":"https:\/\/promitec.es\/news\/"},{"@type":"ListItem","position":2,"name":"Pol\u00edtica de privacidad"}]},{"@type":"WebSite","@id":"https:\/\/promitec.es\/news\/#website","url":"https:\/\/promitec.es\/news\/","name":"promitec","description":"news","publisher":{"@id":"https:\/\/promitec.es\/news\/#organization"},"potentialAction":[{"@type":"SearchAction","target":{"@type":"EntryPoint","urlTemplate":"https:\/\/promitec.es\/news\/?s={search_term_string}"},"query-input":"required name=search_term_string"}],"inLanguage":"es"},{"@type":"Organization","@id":"https:\/\/promitec.es\/news\/#organization","name":"promitec","url":"https:\/\/promitec.es\/news\/","logo":{"@type":"ImageObject","inLanguage":"es","@id":"https:\/\/promitec.es\/news\/#\/schema\/logo\/image\/","url":"https:\/\/promitec.es\/news\/wp-content\/uploads\/2023\/12\/cropped-\u0421\u043d\u0438\u043c\u043e\u043a-\u044d\u043a\u0440\u0430\u043d\u0430-2023-12-14-\u0432-03.04.15.png","contentUrl":"https:\/\/promitec.es\/news\/wp-content\/uploads\/2023\/12\/cropped-\u0421\u043d\u0438\u043c\u043e\u043a-\u044d\u043a\u0440\u0430\u043d\u0430-2023-12-14-\u0432-03.04.15.png","width":658,"height":234,"caption":"promitec"},"image":{"@id":"https:\/\/promitec.es\/news\/#\/schema\/logo\/image\/"}}]}},"_links":{"self":[{"href":"https:\/\/promitec.es\/news\/wp-json\/wp\/v2\/pages\/60"}],"collection":[{"href":"https:\/\/promitec.es\/news\/wp-json\/wp\/v2\/pages"}],"about":[{"href":"https:\/\/promitec.es\/news\/wp-json\/wp\/v2\/types\/page"}],"author":[{"embeddable":true,"href":"https:\/\/promitec.es\/news\/wp-json\/wp\/v2\/users\/1"}],"replies":[{"embeddable":true,"href":"https:\/\/promitec.es\/news\/wp-json\/wp\/v2\/comments?post=60"}],"version-history":[{"count":1,"href":"https:\/\/promitec.es\/news\/wp-json\/wp\/v2\/pages\/60\/revisions"}],"predecessor-version":[{"id":61,"href":"https:\/\/promitec.es\/news\/wp-json\/wp\/v2\/pages\/60\/revisions\/61"}],"wp:attachment":[{"href":"https:\/\/promitec.es\/news\/wp-json\/wp\/v2\/media?parent=60"}],"curies":[{"name":"wp","href":"https:\/\/api.w.org\/{rel}","templated":true}]}}